{"id":747,"date":"2018-03-28T13:10:51","date_gmt":"2018-03-28T12:10:51","guid":{"rendered":"http:\/\/lomma.lions.se\/?page_id=747"},"modified":"2026-03-26T16:15:44","modified_gmt":"2026-03-26T15:15:44","slug":"styrelsen","status":"publish","type":"page","link":"https:\/\/lomma.lions.se\/?page_id=747","title":{"rendered":"Styrelsen under verksamhets\u00e5ret"},"content":{"rendered":"\t\t<div data-elementor-type=\"wp-page\" data-elementor-id=\"747\" class=\"elementor elementor-747\">\n\t\t\t\t<div class=\"has_eae_slider elementor-element elementor-element-56efeea e-flex e-con-boxed e-con e-parent\" data-eae-slider=\"62835\" data-id=\"56efeea\" data-element_type=\"container\">\n\t\t\t\t\t<div class=\"e-con-inner\">\n\t\t\t\t\t<\/div>\n\t\t\t\t<\/div>\n\t\t\t\t<section class=\"has_eae_slider elementor-section elementor-top-section elementor-element elementor-element-1464787 elementor-section-boxed elementor-section-height-default elementor-section-height-default\" data-eae-slider=\"60630\" data-id=\"1464787\" data-element_type=\"section\">\n\t\t\t\t\t\t<div class=\"elementor-container elementor-column-gap-default\">\n\t\t\t\t\t<div class=\"has_eae_slider elementor-column elementor-col-100 elementor-top-column elementor-element elementor-element-ac00196\" data-eae-slider=\"80617\" data-id=\"ac00196\" data-element_type=\"column\">\n\t\t\t<div class=\"elementor-widget-wrap elementor-element-populated\">\n\t\t\t\t\t\t\t<\/div>\n\t\t<\/div>\n\t\t\t\t\t<\/div>\n\t\t<\/section>\n\t\t<div class=\"has_eae_slider elementor-element elementor-element-ff37013 e-flex e-con-boxed e-con e-parent\" data-eae-slider=\"78730\" data-id=\"ff37013\" data-element_type=\"container\">\n\t\t\t\t\t<div class=\"e-con-inner\">\n\t\t\t\t<div class=\"elementor-element elementor-element-719420e elementor-widget elementor-widget-heading\" data-id=\"719420e\" data-element_type=\"widget\" data-widget_type=\"heading.default\">\n\t\t\t\t<div class=\"elementor-widget-container\">\n\t\t\t\t\t<h2 class=\"elementor-heading-title elementor-size-default\">2025-07-01--2026-06-30<\/h2>\t\t\t\t<\/div>\n\t\t\t\t<\/div>\n\t\t\t\t\t<\/div>\n\t\t\t\t<\/div>\n\t\t<div class=\"has_eae_slider elementor-element elementor-element-ac926b2 e-flex e-con-boxed e-con e-parent\" data-eae-slider=\"85709\" data-id=\"ac926b2\" data-element_type=\"container\">\n\t\t\t\t\t<div class=\"e-con-inner\">\n\t\t\t\t<div class=\"elementor-element elementor-element-bddae8f elementor-widget elementor-widget-text-editor\" data-id=\"bddae8f\" data-element_type=\"widget\" data-widget_type=\"text-editor.default\">\n\t\t\t\t<div class=\"elementor-widget-container\">\n\t\t\t\t\t\t\t\t\t<p>2026-01-28\/Lisbeth Nilsson<\/p><p><strong><span style=\"color: #800080;\">President:<br \/><\/span><\/strong>Jimmy Wiedewilt<br \/><strong><span style=\"color: #800080;\">Vice President:<br \/><\/span><\/strong>Ola Gustafson<br \/><strong><span style=\"color: #800080;\">Sekreterare:<\/span><\/strong><br \/>Ola Gustafson<br \/><strong><span style=\"color: #800080;\">Kass\u00f6r:<\/span><\/strong><br \/>Mikael Germundsson<br \/><strong><span style=\"color: #800080;\">Medlemsordf\u00f6rande:<\/span> <\/strong><br \/>Monica Wilson<br \/><strong><span style=\"color: #800080;\">\u00d6vriga Styrelsemedlemmar:<\/span><\/strong><br \/>G\u00f6ran Thal\u00e9n<br \/>Anette J\u00f6nsson<br \/>Jan Dahlqvist<\/p>\t\t\t\t\t\t\t\t<\/div>\n\t\t\t\t<\/div>\n\t\t\t\t\t<\/div>\n\t\t\t\t<\/div>\n\t\t\t\t<\/div>\n\t\t","protected":false},"excerpt":{"rendered":"<p>2025-07-01&#8211;2026-06-30 2026-01-28\/Lisbeth Nilsson President:Jimmy WiedewiltVice President:Ola GustafsonSekreterare:Ola GustafsonKass\u00f6r:Mikael GermundssonMedlemsordf\u00f6rande: Monica Wilson\u00d6vriga Styrelsemedlemmar:G\u00f6ran Thal\u00e9nAnette J\u00f6nssonJan Dahlqvist<\/p>\n","protected":false},"author":2,"featured_media":0,"parent":0,"menu_order":0,"comment_status":"closed","ping_status":"closed","template":"","meta":{"_bbp_topic_count":0,"_bbp_reply_count":0,"_bbp_total_topic_count":0,"_bbp_total_reply_count":0,"_bbp_voice_count":0,"_bbp_anonymous_reply_count":0,"_bbp_topic_count_hidden":0,"_bbp_reply_count_hidden":0,"_bbp_forum_subforum_count":0,"footnotes":""},"class_list":["post-747","page","type-page","status-publish","hentry","post-preview"],"_links":{"self":[{"href":"https:\/\/lomma.lions.se\/index.php?rest_route=\/wp\/v2\/pages\/747","targetHints":{"allow":["GET"]}}],"collection":[{"href":"https:\/\/lomma.lions.se\/index.php?rest_route=\/wp\/v2\/pages"}],"about":[{"href":"https:\/\/lomma.lions.se\/index.php?rest_route=\/wp\/v2\/types\/page"}],"author":[{"embeddable":true,"href":"https:\/\/lomma.lions.se\/index.php?rest_route=\/wp\/v2\/users\/2"}],"replies":[{"embeddable":true,"href":"https:\/\/lomma.lions.se\/index.php?rest_route=%2Fwp%2Fv2%2Fcomments&post=747"}],"version-history":[{"count":39,"href":"https:\/\/lomma.lions.se\/index.php?rest_route=\/wp\/v2\/pages\/747\/revisions"}],"predecessor-version":[{"id":6263,"href":"https:\/\/lomma.lions.se\/index.php?rest_route=\/wp\/v2\/pages\/747\/revisions\/6263"}],"wp:attachment":[{"href":"https:\/\/lomma.lions.se\/index.php?rest_route=%2Fwp%2Fv2%2Fmedia&parent=747"}],"curies":[{"name":"wp","href":"https:\/\/api.w.org\/{rel}","templated":true}]}}