{"id":73,"date":"2015-06-15T22:09:11","date_gmt":"2015-06-15T21:09:11","guid":{"rendered":"http:\/\/lomma.lions.se\/LC_Lomma\/?page_id=73"},"modified":"2025-08-09T08:44:25","modified_gmt":"2025-08-09T07:44:25","slug":"sa-har-gar-insamlingen-till","status":"publish","type":"page","link":"https:\/\/lomma.lions.se\/?page_id=73","title":{"rendered":"S\u00e5 h\u00e4r g\u00e5r insamlingen till 2025"},"content":{"rendered":"<p>Vi k\u00f6r runt med bil och sl\u00e4p och en liten lastbil totalt c:a tio ekipage, d\u00e4rf\u00f6r kan vi om\u00f6jligt tala om n\u00e4r vi finns p\u00e5 ett visst st\u00e4lle. F\u00f6rs\u00f6k d\u00e4rf\u00f6r att ha dina g\u00e5vor synliga med den gula lappen eller annan tydlig markering att ni har saker f\u00f6r oss att h\u00e4mta.<\/p>\n<p>F\u00f6r mer information ring 0708-66 33 00, 16.00-19.00<br \/>Vi hj\u00e4lper dig g\u00e4rna att sortera ditt bidrag.<\/p>\n<p>OBS! Vi kan inte ta emot m\u00f6bler, vitvaror, datorer, solarier,<br \/>\u201ctjock\u201d TV, res\u00e5rmadrasser, bild\u00e4ck, f\u00f6nster, d\u00f6rrar och defekta saker.<br \/><strong>Tr\u00e4dg\u00e5rdsm\u00f6bler tar vi g\u00e4rna emot!<\/strong><\/p>\n<p>Med start l\u00f6rdagen den 23 Augusti 2025 kl 10:00 b\u00f6rjar vi beta av f\u00f6ljande omr\u00e5den:<br \/>LILLA-LOMMA<br \/>LOMMA<br \/>ALNARP<br \/>HABO LJUNG<br \/>Vi ber\u00e4knar att vara klara c:a kl 16:00<\/p>\n<p>S\u00f6ndagen den 24 Augusti 2025 kl 10:00 b\u00f6rjar vi beta av f\u00f6ljande omr\u00e5den:<br \/>FJELIE<br \/>FL\u00c4DIE<br \/>BORGEBY<br \/>BJ\u00c4RRED<br \/>Vi ber\u00e4knar att vara klara c:a kl 16:00<\/p>\n<p>Vi tar \u00e4ven emot ditt bidrag\u00a0vid Dansrotundan<br \/>vecka 35 m\u00e5ndag-onsdag 18.00-20.00<\/p>\n\n\n<p><\/p>\n","protected":false},"excerpt":{"rendered":"<p>Vi k\u00f6r runt med bil och sl\u00e4p och en liten lastbil totalt c:a tio ekipage, d\u00e4rf\u00f6r kan vi om\u00f6jligt tala om n\u00e4r vi finns p\u00e5 ett visst st\u00e4lle. F\u00f6rs\u00f6k d\u00e4rf\u00f6r [&hellip;]<\/p>\n","protected":false},"author":2,"featured_media":0,"parent":0,"menu_order":0,"comment_status":"closed","ping_status":"closed","template":"","meta":{"_bbp_topic_count":0,"_bbp_reply_count":0,"_bbp_total_topic_count":0,"_bbp_total_reply_count":0,"_bbp_voice_count":0,"_bbp_anonymous_reply_count":0,"_bbp_topic_count_hidden":0,"_bbp_reply_count_hidden":0,"_bbp_forum_subforum_count":0,"footnotes":""},"class_list":["post-73","page","type-page","status-publish","hentry","post-preview"],"_links":{"self":[{"href":"https:\/\/lomma.lions.se\/index.php?rest_route=\/wp\/v2\/pages\/73","targetHints":{"allow":["GET"]}}],"collection":[{"href":"https:\/\/lomma.lions.se\/index.php?rest_route=\/wp\/v2\/pages"}],"about":[{"href":"https:\/\/lomma.lions.se\/index.php?rest_route=\/wp\/v2\/types\/page"}],"author":[{"embeddable":true,"href":"https:\/\/lomma.lions.se\/index.php?rest_route=\/wp\/v2\/users\/2"}],"replies":[{"embeddable":true,"href":"https:\/\/lomma.lions.se\/index.php?rest_route=%2Fwp%2Fv2%2Fcomments&post=73"}],"version-history":[{"count":11,"href":"https:\/\/lomma.lions.se\/index.php?rest_route=\/wp\/v2\/pages\/73\/revisions"}],"predecessor-version":[{"id":5771,"href":"https:\/\/lomma.lions.se\/index.php?rest_route=\/wp\/v2\/pages\/73\/revisions\/5771"}],"wp:attachment":[{"href":"https:\/\/lomma.lions.se\/index.php?rest_route=%2Fwp%2Fv2%2Fmedia&parent=73"}],"curies":[{"name":"wp","href":"https:\/\/api.w.org\/{rel}","templated":true}]}}