{"id":257,"date":"2015-10-12T21:30:29","date_gmt":"2015-10-12T20:30:29","guid":{"rendered":"http:\/\/lomma.lions.se\/?page_id=257"},"modified":"2015-10-12T21:30:29","modified_gmt":"2015-10-12T20:30:29","slug":"kulturstipendiater-2012","status":"publish","type":"page","link":"https:\/\/lomma.lions.se\/?page_id=257","title":{"rendered":"Kulturstipendiater 2012"},"content":{"rendered":"<p>Lions Club Lomma<br \/>\n<em>prisade kultur f\u00f6r 26 g\u00e5ngen<\/p>\n<p><\/em><strong>Lions Club Lommas Kulturstipendier f\u00f6r \u00e5r 2012 utdelades i samband med kulturskolan i Lommas Lions-konsert i aulan i Alnarp.<\/strong><\/p>\n<p><img fetchpriority=\"high\" decoding=\"async\" class=\"alignnone size-medium wp-image-258\" src=\"https:\/\/lomma.lions.se\/wp-content\/uploads\/2015\/10\/stipendiater-2012-300x200.png\" alt=\"stipendiater-2012\" width=\"300\" height=\"200\" srcset=\"https:\/\/lomma.lions.se\/wp-content\/uploads\/2015\/10\/stipendiater-2012.png 300w, https:\/\/lomma.lions.se\/wp-content\/uploads\/2015\/10\/stipendiater-2012-240x160.png 240w\" sizes=\"(max-width: 300px) 100vw, 300px\" \/><\/p>\n<p>Lions Club Lommas President, Anders Edenfjord \u00f6verl\u00e4mnade var sitt stipendium p\u00e5<br \/>\n5000 kronor till Lovisa Andersson och Sofia Wiktorsson<br \/>\n<strong>Lovisa Andersson <\/strong><br \/>\nLovisa Andersson har under hela sin uppv\u00e4xt varit en del av Kulturskolan. Hon b\u00f6rjade vid sju \u00e5rs \u00e5lder med \u201df\u00f6rberedande musik\u201d f\u00f6r att sedan solistiskt utvecklas p\u00e5 cello och s\u00e5ng som huvudinstrument. Lovisa har under hela utbildningens g\u00e5ng varit aktiv i orkestrar, k\u00f6rer och skolans st\u00f6rre och mindre projekt. Lovisa tar stort ansvar f\u00f6r sin inl\u00e4rning och har studerat vidare p\u00e5 gymnasiet p\u00e5 Spykens musiklinje Lovisa \u00e4r en p\u00e5litlig och ansvarstagande elev, en god kamrat och st\u00f6ttepelare. Hon \u00e4r en mycket aktiv och viktig ambassad\u00f6r f\u00f6r Kulturskolan i Lomma.<br \/>\n<strong>Sofia Wiktorsson<\/strong><br \/>\nSofia b\u00f6rjade spela tv\u00e4rfl\u00f6jt n\u00e4r hon var 8 \u00e5r och visade tidigt stor fallenhet f\u00f6r instrumentet och en stor musikalitet! Sofia deltar aktivt i skolans k\u00f6rer och orkestrar och allehanda projekt. Hon har alltid varit en p\u00e5litlig elev med h\u00f6g n\u00e4rvaro p\u00e5 s\u00e5v\u00e4l lektioner som i ensembler och hon har alltid tillh\u00f6rt st\u00f6ttepelarna. Hon b\u00e5de sjunger och spelar fl\u00f6jt p\u00e5 en tekniskt och musikaliskt h\u00f6g niv\u00e5. Sofia har \u00e4ven studerat och utvecklats musilkaliskt p\u00e5 Lars Erik Larsson gymnasiet i Lund d\u00e4r hon vt 2012 spelar huvudrollen i skolans musikalupps\u00e4ttning. Sofia kommer till h\u00f6sten att studera vidare inom s\u00e5ngen i London p\u00e5 Tech Music School. Det har varit en stor gl\u00e4dje f\u00f6r oss att ha Sofia som elev &#8211; en tjej som alltid kommit till lektionerna med en positiv attityd och ett gott hum\u00f6r &#8211; med n\u00e4ra till skratt -m\u00e5nga skratt!<\/p>\n<p>Lions Club Lomma \u00f6nskar dem b\u00e4gge lycka och v\u00e4lg\u00e5ng i deras fortsatta musikstudier!<\/p>\n","protected":false},"excerpt":{"rendered":"<p>Lions Club Lomma prisade kultur f\u00f6r 26 g\u00e5ngen Lions Club Lommas Kulturstipendier f\u00f6r \u00e5r 2012 utdelades i samband med kulturskolan i Lommas Lions-konsert i aulan i Alnarp. Lions Club Lommas [&hellip;]<\/p>\n","protected":false},"author":2,"featured_media":0,"parent":0,"menu_order":0,"comment_status":"closed","ping_status":"closed","template":"","meta":{"_bbp_topic_count":0,"_bbp_reply_count":0,"_bbp_total_topic_count":0,"_bbp_total_reply_count":0,"_bbp_voice_count":0,"_bbp_anonymous_reply_count":0,"_bbp_topic_count_hidden":0,"_bbp_reply_count_hidden":0,"_bbp_forum_subforum_count":0,"footnotes":""},"class_list":["post-257","page","type-page","status-publish","hentry","post-preview"],"_links":{"self":[{"href":"https:\/\/lomma.lions.se\/index.php?rest_route=\/wp\/v2\/pages\/257","targetHints":{"allow":["GET"]}}],"collection":[{"href":"https:\/\/lomma.lions.se\/index.php?rest_route=\/wp\/v2\/pages"}],"about":[{"href":"https:\/\/lomma.lions.se\/index.php?rest_route=\/wp\/v2\/types\/page"}],"author":[{"embeddable":true,"href":"https:\/\/lomma.lions.se\/index.php?rest_route=\/wp\/v2\/users\/2"}],"replies":[{"embeddable":true,"href":"https:\/\/lomma.lions.se\/index.php?rest_route=%2Fwp%2Fv2%2Fcomments&post=257"}],"version-history":[{"count":1,"href":"https:\/\/lomma.lions.se\/index.php?rest_route=\/wp\/v2\/pages\/257\/revisions"}],"predecessor-version":[{"id":259,"href":"https:\/\/lomma.lions.se\/index.php?rest_route=\/wp\/v2\/pages\/257\/revisions\/259"}],"wp:attachment":[{"href":"https:\/\/lomma.lions.se\/index.php?rest_route=%2Fwp%2Fv2%2Fmedia&parent=257"}],"curies":[{"name":"wp","href":"https:\/\/api.w.org\/{rel}","templated":true}]}}