{"id":1037,"date":"2019-04-16T15:30:09","date_gmt":"2019-04-16T14:30:09","guid":{"rendered":"http:\/\/lomma.lions.se\/?page_id=1037"},"modified":"2023-11-27T08:25:10","modified_gmt":"2023-11-27T07:25:10","slug":"vet-du-var-narmaste-hjartstartare-finns","status":"publish","type":"page","link":"https:\/\/lomma.lions.se\/?page_id=1037","title":{"rendered":"Vet DU var n\u00e4rmaste hj\u00e4rtstartare finns?"},"content":{"rendered":"\t\t<div data-elementor-type=\"wp-page\" data-elementor-id=\"1037\" class=\"elementor elementor-1037\">\n\t\t\t\t<div class=\"has_eae_slider elementor-element elementor-element-6d097480 e-flex e-con-boxed e-con e-parent\" data-eae-slider=\"84034\" data-id=\"6d097480\" data-element_type=\"container\">\n\t\t\t\t\t<div class=\"e-con-inner\">\n\t\t\t\t<div class=\"elementor-element elementor-element-77fe5455 elementor-widget elementor-widget-text-editor\" data-id=\"77fe5455\" data-element_type=\"widget\" data-widget_type=\"text-editor.default\">\n\t\t\t\t<div class=\"elementor-widget-container\">\n\t\t\t\t\t\t\t\t\t\n<h2 class=\"wp-block-heading\" id=\"behover-du-anvanda-en-hjartstartare-akut-ring-alltid-112-du-hinner-inte-leta-sjalv\">Beh\u00f6ver du anv\u00e4nda en hj\u00e4rtstartare Akut?<br \/>RING alltid <strong>112<\/strong>!<br \/>Du hinner inte leta sj\u00e4lv<\/h2>\n\n<div class=\"wp-block-media-text alignwide is-stacked-on-mobile\">\n<figure class=\"wp-block-media-text__media\"><img fetchpriority=\"high\" decoding=\"async\" width=\"194\" height=\"300\" class=\"wp-image-1035 size-full\" src=\"https:\/\/lomma.lions.se\/wp-content\/uploads\/2019\/04\/hjartstart-194x300.jpg\" alt=\"\" srcset=\"https:\/\/lomma.lions.se\/wp-content\/uploads\/2019\/04\/hjartstart-194x300.jpg 194w, https:\/\/lomma.lions.se\/wp-content\/uploads\/2019\/04\/hjartstart.jpg 533w\" sizes=\"(max-width: 194px) 100vw, 194px\" \/><\/figure>\n<div class=\"wp-block-media-text__content\">\n<p>Att veta var hj\u00e4rtstartarna finns \u00e4r en bra start att kunna r\u00e4dda liv!<br \/>Hj\u00e4rtstartarregistret har \u00f6ver 8 000 hj\u00e4rtstartare registrerade<br \/><a href=\"https:\/\/www.hjartstartarregistret.se\/#\/\" target=\"_blank\" rel=\"noreferrer noopener\" aria-label=\"Klicka p\u00e5 l\u00e4nken h\u00e4r f\u00f6r att se kartan (\u00f6ppnas i en ny flik)\">Klicka p\u00e5 l\u00e4nken h\u00e4r f\u00f6r att se kartan<\/a><br \/><br \/>Lions Club Lomma placerar ut hj\u00e4rtstartare, just nu har vi 12 st i kommunen. K\u00e4nner man att man har ett behov av en hj\u00e4rtstartare och den kan vara tillg\u00e4nglig f\u00f6r allm\u00e4nheten ganska stor del av dygnet s\u00e5 kan man ans\u00f6ka om bidrag hos oss, s\u00e5 f\u00f6rs\u00f6ker vi hj\u00e4lpa till.<\/p>\n<\/div>\n<\/div>\n\n<h3 class=\"wp-block-heading\" id=\"har-finns-de-hjartstartare-som-lions-club-lomma-har-placerat-ut\">H\u00e4r finns de hj\u00e4rtstartare som Lions Club Lomma har placerat ut<br \/><br \/><a href=\"https:\/\/lomma.lions.se\/wp-content\/uploads\/2023\/11\/Sammanstallning-over-hjartstartare.pdf\">Lista<\/a><\/h3>\n\t\t\t\t\t\t\t\t<\/div>\n\t\t\t\t<\/div>\n\t\t\t\t\t<\/div>\n\t\t\t\t<\/div>\n\t\t\t\t<\/div>\n\t\t","protected":false},"excerpt":{"rendered":"<p>Beh\u00f6ver du anv\u00e4nda en hj\u00e4rtstartare Akut?RING alltid 112!Du hinner inte leta sj\u00e4lv Att veta var hj\u00e4rtstartarna finns \u00e4r en bra start att kunna r\u00e4dda liv!Hj\u00e4rtstartarregistret har \u00f6ver 8 000 hj\u00e4rtstartare [&hellip;]<\/p>\n","protected":false},"author":2,"featured_media":0,"parent":0,"menu_order":0,"comment_status":"closed","ping_status":"closed","template":"","meta":{"_bbp_topic_count":0,"_bbp_reply_count":0,"_bbp_total_topic_count":0,"_bbp_total_reply_count":0,"_bbp_voice_count":0,"_bbp_anonymous_reply_count":0,"_bbp_topic_count_hidden":0,"_bbp_reply_count_hidden":0,"_bbp_forum_subforum_count":0,"footnotes":""},"class_list":["post-1037","page","type-page","status-publish","hentry","post-preview"],"_links":{"self":[{"href":"https:\/\/lomma.lions.se\/index.php?rest_route=\/wp\/v2\/pages\/1037","targetHints":{"allow":["GET"]}}],"collection":[{"href":"https:\/\/lomma.lions.se\/index.php?rest_route=\/wp\/v2\/pages"}],"about":[{"href":"https:\/\/lomma.lions.se\/index.php?rest_route=\/wp\/v2\/types\/page"}],"author":[{"embeddable":true,"href":"https:\/\/lomma.lions.se\/index.php?rest_route=\/wp\/v2\/users\/2"}],"replies":[{"embeddable":true,"href":"https:\/\/lomma.lions.se\/index.php?rest_route=%2Fwp%2Fv2%2Fcomments&post=1037"}],"version-history":[{"count":6,"href":"https:\/\/lomma.lions.se\/index.php?rest_route=\/wp\/v2\/pages\/1037\/revisions"}],"predecessor-version":[{"id":3992,"href":"https:\/\/lomma.lions.se\/index.php?rest_route=\/wp\/v2\/pages\/1037\/revisions\/3992"}],"wp:attachment":[{"href":"https:\/\/lomma.lions.se\/index.php?rest_route=%2Fwp%2Fv2%2Fmedia&parent=1037"}],"curies":[{"name":"wp","href":"https:\/\/api.w.org\/{rel}","templated":true}]}}